{"id":6893,"date":"2024-11-06T05:03:18","date_gmt":"2024-11-06T05:03:18","guid":{"rendered":"https:\/\/expering.com\/juridische-informatie\/"},"modified":"2024-12-06T09:14:10","modified_gmt":"2024-12-06T09:14:10","slug":"juridische-informatie","status":"publish","type":"page","link":"https:\/\/expering.com\/nl\/juridische-informatie\/","title":{"rendered":"Juridische informatie"},"content":{"rendered":"<p>[et_pb_section fb_built=&#8221;1&#8243; _builder_version=&#8221;4.24.2&#8243; _module_preset=&#8221;default&#8221; use_background_color_gradient=&#8221;on&#8221; background_color_gradient_stops=&#8221;rgba(0,0,0,0.6) 0%|rgba(0,0,0,0.2) 100%&#8221; background_color_gradient_overlays_image=&#8221;on&#8221; background_image=&#8221;https:\/\/expering.com\/wp-content\/uploads\/2024\/11\/Mentions-legales-scaled.jpeg&#8221; custom_margin=&#8221;||||false|false&#8221; custom_padding=&#8221;16vh||20vh||false|false&#8221; hover_enabled=&#8221;0&#8243; border_radii=&#8221;off|||15px|15px&#8221; global_colors_info=&#8221;{}&#8221; title_text=&#8221;Mentions l\u00e9gales&#8221; sticky_enabled=&#8221;0&#8243;][et_pb_row use_custom_gutter=&#8221;on&#8221; gutter_width=&#8221;3&#8243; make_equal=&#8221;on&#8221; _builder_version=&#8221;4.24.2&#8243; _module_preset=&#8221;default&#8221; width=&#8221;95%&#8221; global_colors_info=&#8221;{}&#8221;][et_pb_column type=&#8221;4_4&#8243; _builder_version=&#8221;4.24.2&#8243; _module_preset=&#8221;default&#8221; global_colors_info=&#8221;{}&#8221;][et_pb_text _builder_version=&#8221;4.24.2&#8243; _module_preset=&#8221;default&#8221; text_text_color=&#8221;#FFFFFF&#8221; text_font_size=&#8221;20px&#8221; header_font=&#8221;Century Gothic|||on|||||&#8221; header_text_align=&#8221;center&#8221; header_text_color=&#8221;#FFFFFF&#8221; header_font_size=&#8221;60px&#8221; header_2_font=&#8221;Century Gothic||||||||&#8221; header_2_text_align=&#8221;center&#8221; header_2_text_color=&#8221;#FFFFFF&#8221; header_2_font_size=&#8221;16px&#8221; text_orientation=&#8221;center&#8221; custom_margin=&#8221;||||false|false&#8221; header_font_size_tablet=&#8221;50px&#8221; header_font_size_phone=&#8221;40px&#8221; header_font_size_last_edited=&#8221;on|phone&#8221; header_text_shadow_style=&#8221;preset3&#8243; header_2_text_shadow_style=&#8221;preset3&#8243; global_colors_info=&#8221;{}&#8221;]<\/p>\n<h1>Juridische informatie<\/h1>\n<p>  EXPERING S.A.S voor de website https:\/\/expering.com[\/et_pb_text][\/et_pb_column][\/et_pb_row][\/et_pb_section][et_pb_section fb_built=&#8221;1&#8243; custom_padding_last_edited=&#8221;on|phone&#8221; _builder_version=&#8221;4.24.2&#8243; _module_preset=&#8221;default&#8221; background_color=&#8221;#FFFFFF&#8221; custom_padding=&#8221;11vh||11vh||true|false&#8221; custom_padding_tablet=&#8221;7vh||7vh||true|false&#8221; custom_padding_phone=&#8221;4vh||4vh||true|false&#8221; global_colors_info=&#8221;{}&#8221;][et_pb_row use_custom_gutter=&#8221;on&#8221; gutter_width=&#8221;3&#8243; make_equal=&#8221;on&#8221; module_class=&#8221;inverse&#8221; _builder_version=&#8221;4.24.2&#8243; _module_preset=&#8221;default&#8221; width=&#8221;95%&#8221; custom_padding=&#8221;||||false|false&#8221; border_radii=&#8221;on|20px|20px|20px|20px&#8221; locked=&#8221;off&#8221; global_colors_info=&#8221;{}&#8221;][et_pb_column type=&#8221;4_4&#8243; _builder_version=&#8221;4.24.2&#8243; _module_preset=&#8221;default&#8221; custom_padding=&#8221;20px|20px|20px|20px|true|true&#8221; global_colors_info=&#8221;{}&#8221;][et_pb_text _builder_version=&#8221;4.24.2&#8243; _module_preset=&#8221;default&#8221; text_font=&#8221;Century Gothic light||||||||&#8221; global_colors_info=&#8221;{}&#8221;]<\/p>\n<p>In overeenstemming met de bepalingen van de artikelen 6-III en 19 van Wet nr. 2004-575 van 21 juni 2004 betreffende het vertrouwen in de digitale economie, bekend als de L.C.E.N., wordt de volgende informatie onder de aandacht gebracht van gebruikers en bezoekers van de website https:\/\/expering.com:<\/p>\n<p><strong>1. Wettelijke informatie<\/strong><\/p>\n<p>Naam: EXPERING S.A.S RCS: Nanterre 824 388 607 Code APE: 7112B Maatschappelijke zetel: Tour C\u0153ur D\u00e9fense, 110 Esplanade du G\u00e9n\u00e9ral de Gaulle, 92400 Courbevoie<\/p>\n<p><strong>2. Verantwoordelijke voor publicatie<\/strong><\/p>\n<p>Publicatiemanager: Jean-Charles Marcos<\/p>\n<p><strong>3. Site hosting<\/strong><\/p>\n<p>Gastheer: IONOS S.A.R.L RCS: Sarreguemines 431 303 775 Code APE: 6201Z Adres: 7, place de la Gare, BP 70109, 57201 Sarreguemines Cedex<\/p>\n<p><strong>4. Intellectuele eigendomsrechten<\/strong><\/p>\n<p>De site maakt gebruik van grafische en visuele elementen die het exclusieve eigendom blijven van hun auteurs. Credits voor foto&#8217;s op de site gaan naar unsplash.com en Adobe Stock Images, en pictogrammen worden geleverd door ikonate.com. Elke reproductie, voorstelling, wijziging of gehele of gedeeltelijke aanpassing van de elementen van de site, ongeacht het gebruikte middel of proc\u00e9d\u00e9, is verboden zonder de schriftelijke toestemming van EXPERING S.A.S.  <\/p>\n<p><strong>5. Bescherming van persoonlijke gegevens<\/strong><\/p>\n<p>In overeenstemming met de Franse en Europese wetgeving inzake gegevensbescherming verbindt EXPERING S.A.S. zich ertoe de vertrouwelijkheid te respecteren van de persoonlijke gegevens die via de site worden verzameld. De functionaris voor gegevensbescherming (DPO) kan gecontacteerd worden op het volgende adres: personaldataprotection@expering.com. <\/p>\n<p>Gebruik dit contactadres voor alle verzoeken om gegevens in te zien, te wijzigen of te verwijderen.<\/p>\n<p><strong>6. Toepasselijk recht en jurisdictie<\/strong><\/p>\n<p>Elk geschil dat ontstaat in verband met het gebruik van de site is onderworpen aan het Franse recht. In geval van een geschil kan de gebruiker de zaak aanhangig maken bij de bevoegde rechtbanken in overeenstemming met het Wetboek van Burgerlijke Rechtsvordering. <\/p>\n<p>[\/et_pb_text][\/et_pb_column][\/et_pb_row][\/et_pb_section]<\/p>\n","protected":false},"excerpt":{"rendered":"<p>Juridische informatie EXPERING S.A.S voor de website https:\/\/expering.comIn overeenstemming met de bepalingen van de artikelen 6-III en 19 van Wet nr. 2004-575 van 21 juni 2004 betreffende het vertrouwen in de digitale economie, bekend als de L.C.E.N., wordt de volgende informatie onder de aandacht gebracht van gebruikers en bezoekers van de website https:\/\/expering.com: 1. Wettelijke [&hellip;]<\/p>\n","protected":false},"author":1,"featured_media":0,"parent":0,"menu_order":0,"comment_status":"closed","ping_status":"closed","template":"","meta":{"_acf_changed":false,"_seopress_robots_primary_cat":"","_seopress_titles_title":"","_seopress_titles_desc":"","_seopress_robots_index":"ja","_et_pb_use_builder":"on","_et_pb_old_content":"","_et_gb_content_width":"","footnotes":""},"class_list":["post-6893","page","type-page","status-publish","hentry"],"acf":[],"_links":{"self":[{"href":"https:\/\/expering.com\/nl\/wp-json\/wp\/v2\/pages\/6893","targetHints":{"allow":["GET"]}}],"collection":[{"href":"https:\/\/expering.com\/nl\/wp-json\/wp\/v2\/pages"}],"about":[{"href":"https:\/\/expering.com\/nl\/wp-json\/wp\/v2\/types\/page"}],"author":[{"embeddable":true,"href":"https:\/\/expering.com\/nl\/wp-json\/wp\/v2\/users\/1"}],"replies":[{"embeddable":true,"href":"https:\/\/expering.com\/nl\/wp-json\/wp\/v2\/comments?post=6893"}],"version-history":[{"count":1,"href":"https:\/\/expering.com\/nl\/wp-json\/wp\/v2\/pages\/6893\/revisions"}],"predecessor-version":[{"id":6899,"href":"https:\/\/expering.com\/nl\/wp-json\/wp\/v2\/pages\/6893\/revisions\/6899"}],"wp:attachment":[{"href":"https:\/\/expering.com\/nl\/wp-json\/wp\/v2\/media?parent=6893"}],"curies":[{"name":"wp","href":"https:\/\/api.w.org\/{rel}","templated":true}]}}