{"id":6883,"date":"2024-11-06T05:03:18","date_gmt":"2024-11-06T05:03:18","guid":{"rendered":"https:\/\/expering.com\/terms-of-use\/"},"modified":"2024-12-06T09:14:10","modified_gmt":"2024-12-06T09:14:10","slug":"terms-of-use","status":"publish","type":"page","link":"https:\/\/expering.com\/en\/terms-of-use\/","title":{"rendered":"Terms of use"},"content":{"rendered":"<p>[et_pb_section fb_built=&#8221;1&#8243; _builder_version=&#8221;4.24.2&#8243; _module_preset=&#8221;default&#8221; use_background_color_gradient=&#8221;on&#8221; background_color_gradient_stops=&#8221;rgba(0,0,0,0.6) 0%|rgba(0,0,0,0.2) 100%&#8221; background_color_gradient_overlays_image=&#8221;on&#8221; background_image=&#8221;https:\/\/expering.com\/wp-content\/uploads\/2024\/11\/Mentions-legales-scaled.jpeg&#8221; custom_margin=&#8221;||||false|false&#8221; custom_padding=&#8221;16vh||20vh||false|false&#8221; hover_enabled=&#8221;0&#8243; border_radii=&#8221;off|||15px|15px&#8221; global_colors_info=&#8221;{}&#8221; title_text=&#8221;Mentions l\u00e9gales&#8221; sticky_enabled=&#8221;0&#8243;][et_pb_row use_custom_gutter=&#8221;on&#8221; gutter_width=&#8221;3&#8243; make_equal=&#8221;on&#8221; _builder_version=&#8221;4.24.2&#8243; _module_preset=&#8221;default&#8221; width=&#8221;95%&#8221; global_colors_info=&#8221;{}&#8221;][et_pb_column type=&#8221;4_4&#8243; _builder_version=&#8221;4.24.2&#8243; _module_preset=&#8221;default&#8221; global_colors_info=&#8221;{}&#8221;][et_pb_text _builder_version=&#8221;4.24.2&#8243; _module_preset=&#8221;default&#8221; text_text_color=&#8221;#FFFFFF&#8221; text_font_size=&#8221;20px&#8221; header_font=&#8221;Century Gothic|||on|||||&#8221; header_text_align=&#8221;center&#8221; header_text_color=&#8221;#FFFFFF&#8221; header_font_size=&#8221;60px&#8221; header_2_font=&#8221;Century Gothic||||||||&#8221; header_2_text_align=&#8221;center&#8221; header_2_text_color=&#8221;#FFFFFF&#8221; header_2_font_size=&#8221;16px&#8221; text_orientation=&#8221;center&#8221; custom_margin=&#8221;||||false|false&#8221; header_font_size_tablet=&#8221;50px&#8221; header_font_size_phone=&#8221;40px&#8221; header_font_size_last_edited=&#8221;on|phone&#8221; header_text_shadow_style=&#8221;preset3&#8243; header_2_text_shadow_style=&#8221;preset3&#8243; global_colors_info=&#8221;{}&#8221;]<\/p>\n<h1>Terms of use<\/h1>\n<p>  EXPERING S.A.S for the website https:\/\/expering.com[\/et_pb_text][\/et_pb_column][\/et_pb_row][\/et_pb_section][et_pb_section fb_built=&#8221;1&#8243; custom_padding_last_edited=&#8221;on|phone&#8221; _builder_version=&#8221;4.24.2&#8243; _module_preset=&#8221;default&#8221; background_color=&#8221;#FFFFFF&#8221; custom_padding=&#8221;11vh||11vh||true|false&#8221; custom_padding_tablet=&#8221;7vh||7vh||true|false&#8221; custom_padding_phone=&#8221;4vh||4vh||true|false&#8221; global_colors_info=&#8221;{}&#8221;][et_pb_row use_custom_gutter=&#8221;on&#8221; gutter_width=&#8221;3&#8243; make_equal=&#8221;on&#8221; module_class=&#8221;inverse&#8221; _builder_version=&#8221;4.24.2&#8243; _module_preset=&#8221;default&#8221; width=&#8221;95%&#8221; custom_padding=&#8221;||||false|false&#8221; border_radii=&#8221;on|20px|20px|20px|20px&#8221; locked=&#8221;off&#8221; global_colors_info=&#8221;{}&#8221;][et_pb_column type=&#8221;4_4&#8243; _builder_version=&#8221;4.24.2&#8243; _module_preset=&#8221;default&#8221; custom_padding=&#8221;20px|20px|20px|20px|true|true&#8221; global_colors_info=&#8221;{}&#8221;][et_pb_text _builder_version=&#8221;4.24.2&#8243; _module_preset=&#8221;default&#8221; text_font=&#8221;Century Gothic light||||||||&#8221; global_colors_info=&#8221;{}&#8221;]<\/p>\n<p>In accordance with the provisions of Articles 6-III and 19 of Law No. 2004-575 of June 21, 2004 for Confidence in the Digital Economy, known as L.C.E.N., we bring to the attention of users and visitors to the site https:\/\/expering.com the following information:<\/p>\n<p><strong>1. Legal information<\/strong><\/p>\n<p>Name: EXPERING S.A.S<br \/>RCS: Nanterre 824 388 607<br \/>Code APE: 7112B<br \/>Head office: Tour C\u0153ur D\u00e9fense, 110 Esplanade du G\u00e9n\u00e9ral de Gaulle, 92400 Courbevoie<\/p>\n<p><strong>2. Responsible for publication<\/strong><\/p>\n<p>Publication manager: Jean-Charles Marcos<\/p>\n<p><strong>3. Site hosting<\/strong><\/p>\n<p>Host : IONOS S.A.R.L<br \/>RCS : Sarreguemines 431 303 775<br \/>Code APE : 6201Z<br \/>Address : 7, place de la Gare, BP 70109, 57201 Sarreguemines Cedex<\/p>\n<p><strong>4. Intellectual property<\/strong><\/p>\n<p>The site uses graphic and visual elements that remain the exclusive property of their authors. Credits for photographs on the site go to unsplash.com and Adobe Stock Images, and icons are provided by ikonate.com. No part of this site may be reproduced, represented, modified or adapted in any way whatsoever without EXPERING S.A.S.&#8217;s written authorization.  <\/p>\n<p><strong>5. Personal data protection<\/strong><\/p>\n<p>In accordance with French and European data protection laws, EXPERING S.A.S is committed to respecting the confidentiality of personal data collected via the site. The Data Protection Officer (DPO) can be contacted at personaldataprotection@expering.com. <\/p>\n<p>To request access, modification or deletion of data, please use this contact address.<\/p>\n<p><strong>6. Applicable law and jurisdiction<\/strong><\/p>\n<p>Any dispute arising in connection with the use of the site is subject to French law. In the event of a dispute, the user may bring the matter before the competent courts in accordance with the French Code of Civil Procedure. <\/p>\n<p>[\/et_pb_text][\/et_pb_column][\/et_pb_row][\/et_pb_section]<\/p>\n","protected":false},"excerpt":{"rendered":"<p>Terms of use EXPERING S.A.S for the website https:\/\/expering.comIn accordance with the provisions of Articles 6-III and 19 of Law No. 2004-575 of June 21, 2004 for Confidence in the Digital Economy, known as L.C.E.N., we bring to the attention of users and visitors to the site https:\/\/expering.com the following information: 1. Legal information Name: [&hellip;]<\/p>\n","protected":false},"author":1,"featured_media":0,"parent":0,"menu_order":0,"comment_status":"closed","ping_status":"closed","template":"","meta":{"_acf_changed":false,"_seopress_robots_primary_cat":"","_seopress_titles_title":"","_seopress_titles_desc":"","_seopress_robots_index":"yes","_et_pb_use_builder":"on","_et_pb_old_content":"","_et_gb_content_width":"","footnotes":""},"class_list":["post-6883","page","type-page","status-publish","hentry"],"acf":[],"_links":{"self":[{"href":"https:\/\/expering.com\/en\/wp-json\/wp\/v2\/pages\/6883","targetHints":{"allow":["GET"]}}],"collection":[{"href":"https:\/\/expering.com\/en\/wp-json\/wp\/v2\/pages"}],"about":[{"href":"https:\/\/expering.com\/en\/wp-json\/wp\/v2\/types\/page"}],"author":[{"embeddable":true,"href":"https:\/\/expering.com\/en\/wp-json\/wp\/v2\/users\/1"}],"replies":[{"embeddable":true,"href":"https:\/\/expering.com\/en\/wp-json\/wp\/v2\/comments?post=6883"}],"version-history":[{"count":1,"href":"https:\/\/expering.com\/en\/wp-json\/wp\/v2\/pages\/6883\/revisions"}],"predecessor-version":[{"id":6889,"href":"https:\/\/expering.com\/en\/wp-json\/wp\/v2\/pages\/6883\/revisions\/6889"}],"wp:attachment":[{"href":"https:\/\/expering.com\/en\/wp-json\/wp\/v2\/media?parent=6883"}],"curies":[{"name":"wp","href":"https:\/\/api.w.org\/{rel}","templated":true}]}}